{"id":375,"date":"2015-01-14T17:07:54","date_gmt":"2015-01-14T17:07:54","guid":{"rendered":"http:\/\/www.bauernstrasse11.de\/?page_id=375"},"modified":"2017-01-25T21:32:22","modified_gmt":"2017-01-25T21:32:22","slug":"die-ersten-geburten-2015","status":"publish","type":"page","link":"https:\/\/www.bauernstrasse11.de\/?page_id=375","title":{"rendered":"Neugeborene K\u00e4lber 2017"},"content":{"rendered":"<p>Seit Mitte Januar kalben unsere K\u00fche. Edbert, Eden, Edana, Edanuara, Edea und Edin sind wundersch\u00f6ne kr\u00e4ftige K\u00e4lber. Die Mutterk\u00fche k\u00fcmmern sich intensiv um die Kleinen.<\/p>\n<div id='gallery-1' class='gallery galleryid-375 gallery-columns-3 gallery-size-thumbnail'><figure class='gallery-item'>\n\t\t\t<div class='gallery-icon landscape'>\n\t\t\t\t<a href='https:\/\/www.bauernstrasse11.de\/?attachment_id=612'><img loading=\"lazy\" decoding=\"async\" width=\"150\" height=\"150\" src=\"https:\/\/www.bauernstrasse11.de\/wp-content\/uploads\/DSCN0400-150x150.jpg\" class=\"attachment-thumbnail size-thumbnail\" alt=\"\" srcset=\"https:\/\/www.bauernstrasse11.de\/wp-content\/uploads\/DSCN0400-150x150.jpg 150w, https:\/\/www.bauernstrasse11.de\/wp-content\/uploads\/DSCN0400-48x48.jpg 48w\" sizes=\"auto, 100vw\" \/><\/a>\n\t\t\t<\/div><\/figure><figure class='gallery-item'>\n\t\t\t<div class='gallery-icon landscape'>\n\t\t\t\t<a href='https:\/\/www.bauernstrasse11.de\/?attachment_id=611'><img loading=\"lazy\" decoding=\"async\" width=\"150\" height=\"150\" src=\"https:\/\/www.bauernstrasse11.de\/wp-content\/uploads\/DSCN0394-150x150.jpg\" class=\"attachment-thumbnail size-thumbnail\" alt=\"\" srcset=\"https:\/\/www.bauernstrasse11.de\/wp-content\/uploads\/DSCN0394-150x150.jpg 150w, https:\/\/www.bauernstrasse11.de\/wp-content\/uploads\/DSCN0394-48x48.jpg 48w\" sizes=\"auto, 100vw\" \/><\/a>\n\t\t\t<\/div><\/figure><figure class='gallery-item'>\n\t\t\t<div class='gallery-icon landscape'>\n\t\t\t\t<a href='https:\/\/www.bauernstrasse11.de\/?attachment_id=609'><img loading=\"lazy\" decoding=\"async\" width=\"150\" height=\"150\" src=\"https:\/\/www.bauernstrasse11.de\/wp-content\/uploads\/DSCN0388-150x150.jpg\" class=\"attachment-thumbnail size-thumbnail\" alt=\"\" srcset=\"https:\/\/www.bauernstrasse11.de\/wp-content\/uploads\/DSCN0388-150x150.jpg 150w, https:\/\/www.bauernstrasse11.de\/wp-content\/uploads\/DSCN0388-48x48.jpg 48w\" sizes=\"auto, 100vw\" \/><\/a>\n\t\t\t<\/div><\/figure><figure class='gallery-item'>\n\t\t\t<div class='gallery-icon landscape'>\n\t\t\t\t<a href='https:\/\/www.bauernstrasse11.de\/?attachment_id=608'><img loading=\"lazy\" decoding=\"async\" width=\"150\" height=\"150\" src=\"https:\/\/www.bauernstrasse11.de\/wp-content\/uploads\/DSCN0386-150x150.jpg\" class=\"attachment-thumbnail size-thumbnail\" alt=\"\" srcset=\"https:\/\/www.bauernstrasse11.de\/wp-content\/uploads\/DSCN0386-150x150.jpg 150w, https:\/\/www.bauernstrasse11.de\/wp-content\/uploads\/DSCN0386-48x48.jpg 48w\" sizes=\"auto, 100vw\" \/><\/a>\n\t\t\t<\/div><\/figure><figure class='gallery-item'>\n\t\t\t<div class='gallery-icon landscape'>\n\t\t\t\t<a href='https:\/\/www.bauernstrasse11.de\/?attachment_id=607'><img loading=\"lazy\" decoding=\"async\" width=\"150\" height=\"150\" src=\"https:\/\/www.bauernstrasse11.de\/wp-content\/uploads\/DSCN0384-150x150.jpg\" class=\"attachment-thumbnail size-thumbnail\" alt=\"\" srcset=\"https:\/\/www.bauernstrasse11.de\/wp-content\/uploads\/DSCN0384-150x150.jpg 150w, https:\/\/www.bauernstrasse11.de\/wp-content\/uploads\/DSCN0384-48x48.jpg 48w\" sizes=\"auto, 100vw\" \/><\/a>\n\t\t\t<\/div><\/figure><figure class='gallery-item'>\n\t\t\t<div class='gallery-icon landscape'>\n\t\t\t\t<a href='https:\/\/www.bauernstrasse11.de\/?attachment_id=606'><img loading=\"lazy\" decoding=\"async\" width=\"150\" height=\"150\" src=\"https:\/\/www.bauernstrasse11.de\/wp-content\/uploads\/DSCN0381-150x150.jpg\" class=\"attachment-thumbnail size-thumbnail\" alt=\"\" srcset=\"https:\/\/www.bauernstrasse11.de\/wp-content\/uploads\/DSCN0381-150x150.jpg 150w, https:\/\/www.bauernstrasse11.de\/wp-content\/uploads\/DSCN0381-48x48.jpg 48w\" sizes=\"auto, 100vw\" \/><\/a>\n\t\t\t<\/div><\/figure><figure class='gallery-item'>\n\t\t\t<div class='gallery-icon landscape'>\n\t\t\t\t<a href='https:\/\/www.bauernstrasse11.de\/?attachment_id=605'><img loading=\"lazy\" decoding=\"async\" width=\"150\" height=\"150\" src=\"https:\/\/www.bauernstrasse11.de\/wp-content\/uploads\/DSCN0380-150x150.jpg\" class=\"attachment-thumbnail size-thumbnail\" alt=\"\" srcset=\"https:\/\/www.bauernstrasse11.de\/wp-content\/uploads\/DSCN0380-150x150.jpg 150w, https:\/\/www.bauernstrasse11.de\/wp-content\/uploads\/DSCN0380-48x48.jpg 48w\" sizes=\"auto, 100vw\" \/><\/a>\n\t\t\t<\/div><\/figure><figure class='gallery-item'>\n\t\t\t<div class='gallery-icon landscape'>\n\t\t\t\t<a href='https:\/\/www.bauernstrasse11.de\/?attachment_id=604'><img loading=\"lazy\" decoding=\"async\" width=\"150\" height=\"150\" src=\"https:\/\/www.bauernstrasse11.de\/wp-content\/uploads\/DSCN0379-150x150.jpg\" class=\"attachment-thumbnail size-thumbnail\" alt=\"\" srcset=\"https:\/\/www.bauernstrasse11.de\/wp-content\/uploads\/DSCN0379-150x150.jpg 150w, https:\/\/www.bauernstrasse11.de\/wp-content\/uploads\/DSCN0379-48x48.jpg 48w\" sizes=\"auto, 100vw\" \/><\/a>\n\t\t\t<\/div><\/figure><figure class='gallery-item'>\n\t\t\t<div class='gallery-icon landscape'>\n\t\t\t\t<a href='https:\/\/www.bauernstrasse11.de\/?attachment_id=602'><img loading=\"lazy\" decoding=\"async\" width=\"150\" height=\"150\" src=\"https:\/\/www.bauernstrasse11.de\/wp-content\/uploads\/DSCN0372-150x150.jpg\" class=\"attachment-thumbnail size-thumbnail\" alt=\"\" srcset=\"https:\/\/www.bauernstrasse11.de\/wp-content\/uploads\/DSCN0372-150x150.jpg 150w, https:\/\/www.bauernstrasse11.de\/wp-content\/uploads\/DSCN0372-48x48.jpg 48w\" sizes=\"auto, 100vw\" \/><\/a>\n\t\t\t<\/div><\/figure><figure class='gallery-item'>\n\t\t\t<div class='gallery-icon landscape'>\n\t\t\t\t<a href='https:\/\/www.bauernstrasse11.de\/?attachment_id=610'><img loading=\"lazy\" decoding=\"async\" width=\"150\" height=\"150\" src=\"https:\/\/www.bauernstrasse11.de\/wp-content\/uploads\/DSCN0391-150x150.jpg\" class=\"attachment-thumbnail size-thumbnail\" alt=\"\" srcset=\"https:\/\/www.bauernstrasse11.de\/wp-content\/uploads\/DSCN0391-150x150.jpg 150w, https:\/\/www.bauernstrasse11.de\/wp-content\/uploads\/DSCN0391-48x48.jpg 48w\" sizes=\"auto, 100vw\" \/><\/a>\n\t\t\t<\/div><\/figure>\n\t\t<\/div>\n\n","protected":false},"excerpt":{"rendered":"<p>Seit Mitte Januar kalben unsere K\u00fche. Edbert, Eden, Edana, Edanuara, Edea und Edin sind wundersch\u00f6ne kr\u00e4ftige K\u00e4lber. Die Mutterk\u00fche k\u00fcmmern sich intensiv um die Kleinen.<\/p>\n","protected":false},"author":1,"featured_media":0,"parent":0,"menu_order":0,"comment_status":"closed","ping_status":"open","template":"","meta":{"footnotes":""},"class_list":["post-375","page","type-page","status-publish","hentry"],"_links":{"self":[{"href":"https:\/\/www.bauernstrasse11.de\/index.php?rest_route=\/wp\/v2\/pages\/375","targetHints":{"allow":["GET"]}}],"collection":[{"href":"https:\/\/www.bauernstrasse11.de\/index.php?rest_route=\/wp\/v2\/pages"}],"about":[{"href":"https:\/\/www.bauernstrasse11.de\/index.php?rest_route=\/wp\/v2\/types\/page"}],"author":[{"embeddable":true,"href":"https:\/\/www.bauernstrasse11.de\/index.php?rest_route=\/wp\/v2\/users\/1"}],"replies":[{"embeddable":true,"href":"https:\/\/www.bauernstrasse11.de\/index.php?rest_route=%2Fwp%2Fv2%2Fcomments&post=375"}],"version-history":[{"count":6,"href":"https:\/\/www.bauernstrasse11.de\/index.php?rest_route=\/wp\/v2\/pages\/375\/revisions"}],"predecessor-version":[{"id":614,"href":"https:\/\/www.bauernstrasse11.de\/index.php?rest_route=\/wp\/v2\/pages\/375\/revisions\/614"}],"wp:attachment":[{"href":"https:\/\/www.bauernstrasse11.de\/index.php?rest_route=%2Fwp%2Fv2%2Fmedia&parent=375"}],"curies":[{"name":"wp","href":"https:\/\/api.w.org\/{rel}","templated":true}]}}