{"id":20,"date":"2012-05-05T10:30:37","date_gmt":"2012-05-05T10:30:37","guid":{"rendered":"http:\/\/www.bauernstrasse11.de\/?page_id=20"},"modified":"2026-04-03T20:26:52","modified_gmt":"2026-04-03T20:26:52","slug":"was-gibt-es-sonst-noch-auf-dem-hof","status":"publish","type":"page","link":"https:\/\/www.bauernstrasse11.de\/?page_id=20","title":{"rendered":"Bestellen"},"content":{"rendered":"<h4><span style=\"text-decoration: underline;\"><strong>Gerne nehmen wir Bestellungen an.<br \/>\n<\/strong><\/span><\/h4>\n<p><strong>\u00a0Die n\u00e4chsten Verkaufstermine<\/strong><\/p>\n<ul>\n<li><strong><span style=\"font-size: 1rem;\">Am 16. Mai verkaufen wir wieder frisches Rindfleisch, vorherige Bestellungen sind notwendig.<\/span><\/strong><br \/>\nM\u00f6glich sind auch K\u00e4ufe nach pers\u00f6nlicher Absprache.<\/li>\n<\/ul>\n<p>Bestellungen k\u00f6nnen an <strong>Bauernstrasse11@gmx.de<\/strong> gesendet werden. Wir nehmen dann Kontakt zu Ihnen auf und sprechen die genauen Abholzeiten ab. Sollten Sie spezielle W\u00fcnsche haben, sprechen Sie uns an.<\/p>\n<p>Laden Sie Sich jetzt die Bestellliste herunter und bestellen Sie! Bitte per Fax (039057 31012) oder Email zusenden! Bitte achten Sie darauf, dass wir den Eingang Ihrer Bestellung best\u00e4tigen. Ansonsten bitte nochmal nachfragen.<\/p>\n<p><strong>Wir haben Rindergrillw\u00fcrste, Rinderhack, Bio-Rinderbraten sowie Bio-Rinderwiener, Bio-Beefis (Storchenbeine) und Bio-Rindersalami vorr\u00e4tig.<\/strong><\/p>\n<p><span style=\"color: #ff0000;\"><strong><a style=\"color: #ff0000;\" href=\"http:\/\/www.bauernstrasse11.de\/wp-content\/uploads\/Bestellliste-2026-2.pdf\">Bestellliste 2026-2<\/a><\/strong><\/span><\/p>\n<p><strong style=\"font-size: revert;\"><a href=\"http:\/\/www.bauernstrasse11.de\/wp-content\/uploads\/Gebinde.pdf\">Gebinde (10-kg Paket) Zusammensetzung<\/a><\/strong><\/p>\n<p><a href=\"http:\/\/www.bauernstrasse11.de\/wp-content\/uploads\/2-Jungtiere-1.jpg\">\u00a0<\/a><strong>Per<\/strong><strong> E-Mail a<\/strong><strong>n:<br \/>\n<\/strong>Bauernstrasse11@gmx.de<\/p>\n<p><strong>oder per Post an:<br \/>\n<\/strong>Gallowayzuchtbetrieb Lauenroth-Mago<br \/>\nLindenstr. 11<br \/>\n39359 R\u00e4tzlingen<\/p>\n<p><strong>oder per Fax an:<br \/>\n<\/strong>039057 31012<\/p>\n","protected":false},"excerpt":{"rendered":"<p>Gerne nehmen wir Bestellungen an. \u00a0Die n\u00e4chsten Verkaufstermine Am 16. Mai verkaufen wir wieder frisches Rindfleisch, vorherige Bestellungen sind notwendig. M\u00f6glich sind auch K\u00e4ufe nach pers\u00f6nlicher Absprache. Bestellungen k\u00f6nnen an Bauernstrasse11@gmx.de gesendet werden. Wir nehmen dann Kontakt zu Ihnen auf und sprechen die genauen Abholzeiten ab. Sollten Sie spezielle W\u00fcnsche haben, sprechen Sie uns an. &hellip; <\/p>\n<p class=\"link-more\"><a href=\"https:\/\/www.bauernstrasse11.de\/?page_id=20\" class=\"more-link\"><span class=\"screen-reader-text\">\u201eBestellen\u201c<\/span> weiterlesen<\/a><\/p>\n","protected":false},"author":1,"featured_media":0,"parent":0,"menu_order":0,"comment_status":"closed","ping_status":"closed","template":"","meta":{"footnotes":""},"class_list":["post-20","page","type-page","status-publish","hentry"],"_links":{"self":[{"href":"https:\/\/www.bauernstrasse11.de\/index.php?rest_route=\/wp\/v2\/pages\/20","targetHints":{"allow":["GET"]}}],"collection":[{"href":"https:\/\/www.bauernstrasse11.de\/index.php?rest_route=\/wp\/v2\/pages"}],"about":[{"href":"https:\/\/www.bauernstrasse11.de\/index.php?rest_route=\/wp\/v2\/types\/page"}],"author":[{"embeddable":true,"href":"https:\/\/www.bauernstrasse11.de\/index.php?rest_route=\/wp\/v2\/users\/1"}],"replies":[{"embeddable":true,"href":"https:\/\/www.bauernstrasse11.de\/index.php?rest_route=%2Fwp%2Fv2%2Fcomments&post=20"}],"version-history":[{"count":133,"href":"https:\/\/www.bauernstrasse11.de\/index.php?rest_route=\/wp\/v2\/pages\/20\/revisions"}],"predecessor-version":[{"id":88761,"href":"https:\/\/www.bauernstrasse11.de\/index.php?rest_route=\/wp\/v2\/pages\/20\/revisions\/88761"}],"wp:attachment":[{"href":"https:\/\/www.bauernstrasse11.de\/index.php?rest_route=%2Fwp%2Fv2%2Fmedia&parent=20"}],"curies":[{"name":"wp","href":"https:\/\/api.w.org\/{rel}","templated":true}]}}