{"id":161,"date":"2013-02-25T03:18:00","date_gmt":"2013-02-25T03:18:00","guid":{"rendered":"http:\/\/www.bauernstrasse11.de\/?page_id=161"},"modified":"2025-09-21T16:20:46","modified_gmt":"2025-09-21T16:20:46","slug":"selbstdarstellung","status":"publish","type":"page","link":"https:\/\/www.bauernstrasse11.de\/?page_id=161","title":{"rendered":"Aktuelles von unserem Hof"},"content":{"rendered":"\n<div class=\"wp-block-group\"><div class=\"wp-block-group__inner-container is-layout-constrained wp-block-group-is-layout-constrained\">\n<p><strong>September 2025<\/strong><\/p>\n<p style=\"text-align: left;\"><!--more--><a href=\"http:\/\/www.bauernstrasse11.de\/wp-content\/uploads\/IMG_3430.jpg\"><img loading=\"lazy\" decoding=\"async\" class=\"wp-image-88621 alignleft\" src=\"http:\/\/www.bauernstrasse11.de\/wp-content\/uploads\/IMG_3430.jpg\" alt=\"\" width=\"268\" height=\"201\" srcset=\"https:\/\/www.bauernstrasse11.de\/wp-content\/uploads\/IMG_3430.jpg 640w, https:\/\/www.bauernstrasse11.de\/wp-content\/uploads\/IMG_3430-300x225.jpg 300w\" sizes=\"auto, (max-width: 268px) 100vw, 268px\" \/><\/a>Bona ist nun schon 3 Jahre alt. 2022 ist sie als Zwillingskalb zur Welt gekommen und wurde von uns mit der Hand aufgezogen. Auf dem Hoffest m\u00f6chte ich sie vorstellen. Bei den Karl-May-Spielen in S\u00fcplingen hat Bona gro\u00dfartig mitgespielt.<a href=\"http:\/\/www.bauernstrasse11.de\/wp-content\/uploads\/IMG_3661-rotated.jpg\"><img loading=\"lazy\" decoding=\"async\" class=\"wp-image-88636 alignright\" src=\"http:\/\/www.bauernstrasse11.de\/wp-content\/uploads\/IMG_3661-rotated.jpg\" alt=\"\" width=\"303\" height=\"404\" srcset=\"https:\/\/www.bauernstrasse11.de\/wp-content\/uploads\/IMG_3661-rotated.jpg 1512w, https:\/\/www.bauernstrasse11.de\/wp-content\/uploads\/IMG_3661-225x300.jpg 225w, https:\/\/www.bauernstrasse11.de\/wp-content\/uploads\/IMG_3661-768x1024.jpg 768w, https:\/\/www.bauernstrasse11.de\/wp-content\/uploads\/IMG_3661-1152x1536.jpg 1152w\" sizes=\"auto, (max-width: 303px) 100vw, 303px\" \/><\/a><\/p>\n<p style=\"text-align: left;\">In\u00a0den Sommermonaten konnte das Heu zwar erst Mitte August statt Mitte Juli gemacht werden. Mit der Qualit\u00e4t sind wir trotzdem zu frieden. Unsere Galloway sind sehr gen\u00fcgsam und k\u00f6nnen sich auch an \u00fcberst\u00e4ndigen Gras und Heu erfreuen.<a href=\"http:\/\/www.bauernstrasse11.de\/wp-content\/uploads\/DSCN3271-scaled.jpg\"><img loading=\"lazy\" decoding=\"async\" class=\" wp-image-88633 alignright\" src=\"http:\/\/www.bauernstrasse11.de\/wp-content\/uploads\/DSCN3271-scaled.jpg\" alt=\"\" width=\"303\" height=\"227\" srcset=\"https:\/\/www.bauernstrasse11.de\/wp-content\/uploads\/DSCN3271-scaled.jpg 2560w, https:\/\/www.bauernstrasse11.de\/wp-content\/uploads\/DSCN3271-300x225.jpg 300w, https:\/\/www.bauernstrasse11.de\/wp-content\/uploads\/DSCN3271-1024x768.jpg 1024w, https:\/\/www.bauernstrasse11.de\/wp-content\/uploads\/DSCN3271-768x576.jpg 768w, https:\/\/www.bauernstrasse11.de\/wp-content\/uploads\/DSCN3271-1536x1152.jpg 1536w, https:\/\/www.bauernstrasse11.de\/wp-content\/uploads\/DSCN3271-2048x1536.jpg 2048w\" sizes=\"auto, (max-width: 303px) 100vw, 303px\" \/><\/a><\/p>\n<p style=\"text-align: left;\">In der Mutterkuhherde geht es ziemlich turbulent her. Die K\u00e4lberschar ist auf mittlerweile 14 angewachsen, sind munter und toben wild \u00fcber die Weide.<\/p>\n<p>Nun sind wir flei\u00dfig am Einz\u00e4unen der Herbstweiden. Die Galloways freuen sich \u00fcber frisch nach gewachsenes Heu und k\u00f6nnen davon garnicht genug bekommen.<\/p>\n<p><em><strong>Mit freundlichen Gr\u00fc\u00dfen<\/strong><\/em><\/p>\n<p><em><strong>Sabine Mago und J\u00f6rg Lauenroth-Mago<\/strong><\/em><\/p>\n<hr \/><address><b>Bestellungen an:<\/b><\/address><address>Familie Lauenroth-Mago<\/address><address>Lindenstr. 11, 39359 R\u00e4tzlingen<\/address><address>Tel.: 039057 2429, Fax: 039057 31012<\/address><address>Email: bauernstrasse11@gmx.de (neu)<\/address>\n<p><img loading=\"lazy\" decoding=\"async\" class=\" wp-image-164 alignnone\" src=\"http:\/\/www.bauernstrasse11.de\/wp-content\/uploads\/Unbenannt1-300x291.png\" alt=\"Unbenannt\" width=\"272\" height=\"264\" srcset=\"https:\/\/www.bauernstrasse11.de\/wp-content\/uploads\/Unbenannt1-300x291.png 300w, https:\/\/www.bauernstrasse11.de\/wp-content\/uploads\/Unbenannt1-250x242.png 250w, https:\/\/www.bauernstrasse11.de\/wp-content\/uploads\/Unbenannt1-48x48.png 48w, https:\/\/www.bauernstrasse11.de\/wp-content\/uploads\/Unbenannt1.png 335w\" sizes=\"auto, (max-width: 272px) 100vw, 272px\" \/>\u00a0 \u00a0 \u00a0 \u00a0 \u00a0\u00a0<a href=\"http:\/\/www.bauernstrasse11.de\/wp-content\/uploads\/Partnerbetrieb.jpg\"><img loading=\"lazy\" decoding=\"async\" class=\"size-full wp-image-73724 aligncenter\" src=\"http:\/\/www.bauernstrasse11.de\/wp-content\/uploads\/Partnerbetrieb.jpg\" alt=\"\" width=\"276\" height=\"154\" \/><\/a><\/p>\n<p><img loading=\"lazy\" decoding=\"async\" class=\"aligncenter\" src=\"http:\/\/www.bauernstrasse11.de\/wp-content\/uploads\/Unbenannt.png\" alt=\"Unbenannt\" width=\"134\" height=\"107\" \/><img loading=\"lazy\" decoding=\"async\" class=\"aligncenter wp-image-162\" src=\"http:\/\/www.bauernstrasse11.de\/wp-content\/uploads\/Demeter_Logo-300x149.png\" alt=\"Demeter_Logo\" width=\"200\" height=\"100\" srcset=\"https:\/\/www.bauernstrasse11.de\/wp-content\/uploads\/Demeter_Logo-300x149.png 300w, https:\/\/www.bauernstrasse11.de\/wp-content\/uploads\/Demeter_Logo-250x124.png 250w, https:\/\/www.bauernstrasse11.de\/wp-content\/uploads\/Demeter_Logo.png 744w\" sizes=\"auto, (max-width: 200px) 100vw, 200px\" \/><a href=\"http:\/\/www.bauernstrasse11.de\/wp-content\/uploads\/cropped-Button.jpg\"><img loading=\"lazy\" decoding=\"async\" class=\"aligncenter wp-image-23813\" src=\"http:\/\/www.bauernstrasse11.de\/wp-content\/uploads\/cropped-Button.jpg\" alt=\"\" width=\"200\" height=\"86\" srcset=\"https:\/\/www.bauernstrasse11.de\/wp-content\/uploads\/cropped-Button.jpg 579w, https:\/\/www.bauernstrasse11.de\/wp-content\/uploads\/cropped-Button-300x130.jpg 300w\" sizes=\"auto, (max-width: 200px) 100vw, 200px\" \/><\/a><\/p>\n<p><a href=\"http:\/\/www.bauernstrasse11.de\/wp-content\/uploads\/Droemling-Rind_300x300-Kopie.jpg\"><img loading=\"lazy\" decoding=\"async\" class=\"aligncenter wp-image-88197\" src=\"http:\/\/www.bauernstrasse11.de\/wp-content\/uploads\/Droemling-Rind_300x300-Kopie-300x300.jpg\" alt=\"\" width=\"200\" height=\"200\" srcset=\"https:\/\/www.bauernstrasse11.de\/wp-content\/uploads\/Droemling-Rind_300x300-Kopie-300x300.jpg 300w, https:\/\/www.bauernstrasse11.de\/wp-content\/uploads\/Droemling-Rind_300x300-Kopie-150x150.jpg 150w, https:\/\/www.bauernstrasse11.de\/wp-content\/uploads\/Droemling-Rind_300x300-Kopie-768x768.jpg 768w, https:\/\/www.bauernstrasse11.de\/wp-content\/uploads\/Droemling-Rind_300x300-Kopie-100x100.jpg 100w, https:\/\/www.bauernstrasse11.de\/wp-content\/uploads\/Droemling-Rind_300x300-Kopie.jpg 850w\" sizes=\"auto, (max-width: 200px) 100vw, 200px\" \/><\/a><\/p>\n<p><a title=\"Selbstdarstellung\" href=\"http:\/\/www.bauernstrasse11.de\/wp-content\/uploads\/Selbstdarstellung-2013.pdf\">\u00a0<\/a><\/p>\n<\/div><\/div>\n\n\n\n<p><\/p>\n","protected":false},"excerpt":{"rendered":"<p>September 2025 September 2025<\/p>\n","protected":false},"author":1,"featured_media":0,"parent":0,"menu_order":0,"comment_status":"closed","ping_status":"open","template":"","meta":{"footnotes":""},"class_list":["post-161","page","type-page","status-publish","hentry"],"_links":{"self":[{"href":"https:\/\/www.bauernstrasse11.de\/index.php?rest_route=\/wp\/v2\/pages\/161","targetHints":{"allow":["GET"]}}],"collection":[{"href":"https:\/\/www.bauernstrasse11.de\/index.php?rest_route=\/wp\/v2\/pages"}],"about":[{"href":"https:\/\/www.bauernstrasse11.de\/index.php?rest_route=\/wp\/v2\/types\/page"}],"author":[{"embeddable":true,"href":"https:\/\/www.bauernstrasse11.de\/index.php?rest_route=\/wp\/v2\/users\/1"}],"replies":[{"embeddable":true,"href":"https:\/\/www.bauernstrasse11.de\/index.php?rest_route=%2Fwp%2Fv2%2Fcomments&post=161"}],"version-history":[{"count":65,"href":"https:\/\/www.bauernstrasse11.de\/index.php?rest_route=\/wp\/v2\/pages\/161\/revisions"}],"predecessor-version":[{"id":88638,"href":"https:\/\/www.bauernstrasse11.de\/index.php?rest_route=\/wp\/v2\/pages\/161\/revisions\/88638"}],"wp:attachment":[{"href":"https:\/\/www.bauernstrasse11.de\/index.php?rest_route=%2Fwp%2Fv2%2Fmedia&parent=161"}],"curies":[{"name":"wp","href":"https:\/\/api.w.org\/{rel}","templated":true}]}}